{"id":2986,"date":"2021-11-25T13:15:56","date_gmt":"2021-11-25T11:15:56","guid":{"rendered":"https:\/\/team.aureagroup.fi\/?page_id=2986"},"modified":"2021-11-25T15:11:40","modified_gmt":"2021-11-25T13:11:40","slug":"linkit","status":"publish","type":"page","link":"https:\/\/team.aureagroup.fi\/?page_id=2986","title":{"rendered":"Linkit"},"content":{"rendered":"\n<h2 class=\"wp-block-heading\">Koulutus<\/h2>\n\n\n\n<p>\u00bb  <a href=\"https:\/\/www.oppisopimus.fi\" target=\"_blank\" rel=\"noreferrer noopener\">Oppisopimus  <\/a><br>\u00bb  <a rel=\"noreferrer noopener\" href=\"https:\/\/sataedu.fi\/koulutukset\/\" target=\"_blank\">SATAEDU koulutukset<\/a> <br>\u00bb  <a rel=\"noreferrer noopener\" href=\"https:\/\/www.takk.fi\/fi\/koulutus\/brochure\/koneistajan-taydennyskoulutus\" target=\"_blank\">Takk &#8211; Koneistajan t\u00e4ydennyskoulutus<\/a><br>\u00bb  <a rel=\"noreferrer noopener\" href=\"https:\/\/www.studentum.fi\/koulutushaku\/koneistajakoulutus\" target=\"_blank\">Studentum.fi &#8211; Koneistajan koulutushaku<\/a><br>\u00bb  <a rel=\"noreferrer noopener\" href=\"https:\/\/www.turunakk.fi\/education-item\/kone-ja-tuotantotekniikan-perustutkinto-2\/\" target=\"_blank\">Turun AKK &#8211; Kone- ja tuotantotekniikan perustutkinto<\/a><br>\u00bb  <a rel=\"noreferrer noopener\" href=\"https:\/\/www.tyollisyysrahasto.fi\/aikuisopiskelijan-etuudet\" target=\"_blank\">Ty\u00f6llisyysrahasto &#8211; Aikuisopiskelijan etuudet<\/a><br>\u00bb  <a rel=\"noreferrer noopener\" href=\"https:\/\/www.brahe.fi\/uraboosti\/metallialan-koulutus\" target=\"_blank\">Koulutuskeskus Brahe &#8211; Metallialan koulutus<\/a><br>\u00bb  <a rel=\"noreferrer noopener\" href=\"\/\/ekami.fi\/hakijalle\/koulutusalat\/kone-ja-metalliala\" target=\"_blank\">EKAMI &#8211; Kone- ja metallia &#8211; Suomen suurin teknologiateollisuuden ty\u00f6llist\u00e4j\u00e4<\/a><br>\u00bb  <a rel=\"noreferrer noopener\" href=\"https:\/\/www.sask.fi\/hankkeet\" target=\"_blank\">SASK &#8211; Suomen Ammattiliittojen Solidaarisuuskeskus &#8211; Hankkeet<\/a><\/p>\n\n\n\n<h2 class=\"wp-block-heading\">Asuminen<\/h2>\n\n\n\n<p>\u00bb  <a rel=\"noreferrer noopener\" href=\"https:\/\/www.sato.fi\/fi\/vuokra-asunnot\" target=\"_blank\">SATO &#8211; Vuokra-asunnot<\/a><br>\u00bb  <a rel=\"noreferrer noopener\" href=\"https:\/\/www.vuokraovi.com\/vuokra-asunnot\/\" target=\"_blank\">Vuokraovi.com<\/a><br>\u00bb  <a rel=\"noreferrer noopener\" href=\"https:\/\/www.poytya.fi\/asuminen-ja-rakentaminen\/asuminen\/vuokra-asunnot\" target=\"_blank\">P\u00f6yty\u00e4 &#8211; Vuokra-asunnot<\/a><br>\u00bb  <a rel=\"noreferrer noopener\" href=\"https:\/\/www.kiinteistomaailma.fi\/vuokrattavat_asunnot\" target=\"_blank\">Kiinteist\u00f6maailma &#8211; Vuokra-asunnot<\/a><br>\u00bb  <a rel=\"noreferrer noopener\" href=\"https:\/\/www.kankaanpaa.fi\/asuminen-ja-ymparisto\/asuminen\/vuokra-asunnot\" target=\"_blank\">Kankaanp\u00e4\u00e4 &#8211; Vuokra-asunnot<\/a><br>\u00bb  <a rel=\"noreferrer noopener\" href=\"https:\/\/rentola.fi\/vuokra-asunnot\/kankaanpaa\" target=\"_blank\">Rentola &#8211; Vuokra-asunnot (Kankaanp\u00e4\u00e4)<\/a><\/p>\n\n\n\n<h2 class=\"wp-block-heading\">Lehdet<\/h2>\n\n\n\n<p>\u00bb  <a rel=\"noreferrer noopener\" href=\"https:\/\/www.tekniikkatalous.fi\/\" target=\"_blank\">Tekniikka &amp; Talous<\/a><br>\u00bb  <a rel=\"noreferrer noopener\" href=\"https:\/\/www.lehtiluukku.fi\/lehdet\/konekuriiri\/\" target=\"_blank\">Konekuriiri<\/a><br>\u00bb  <a rel=\"noreferrer noopener\" href=\"https:\/\/eurometalli.com\/uutiset\/\" target=\"_blank\">Eurometalli<\/a><br>\u00bb  <a href=\"https:\/\/www.prometalli.fi\/\" target=\"_blank\" rel=\"noreferrer noopener\">Prometalli<\/a><\/p>\n\n\n\n<h2 class=\"wp-block-heading\">Metalliteollisuus<\/h2>\n\n\n\n<p>\u00bb  <a rel=\"noreferrer noopener\" href=\"https:\/\/teknologiateollisuus.fi\/fi\/ajankohtaista\" target=\"_blank\">Teknologiateollisuus<\/a><br>\u00bb  <a rel=\"noreferrer noopener\" href=\"https:\/\/www.metalli268.fi\/tyoehtosopimus\" target=\"_blank\">Metalli268 &#8211; Ty\u00f6ehtosopimus<\/a><br>\u00bb  <a rel=\"noreferrer noopener\" href=\"https:\/\/www.teollisuusliitto.fi\/tyoelama\/tyoehtosopimukset\" target=\"_blank\">Teollisuusliitto &#8211; Ty\u00f6ehtosopimukset<\/a><br>\u00bb  <a rel=\"noreferrer noopener\" href=\"https:\/\/www.edufix.fi\/www\/fi\/heidenhain-ohjelmointikoulutus\/\" target=\"_blank\">HEIDENHAIN-ohjelmointikoulutukset<\/a><br>\u00bb  <a href=\"https:\/\/www.lastuamisnesteet.fi\/fi\/\" target=\"_blank\" rel=\"noreferrer noopener\">Lastuamisnesteet<\/a><\/p>\n\n\n\n<h2 class=\"wp-block-heading\">Yleishy\u00f6dylliset<\/h2>\n\n\n\n<p>\u00bb  <a rel=\"noreferrer noopener\" href=\"https:\/\/www.vttresearch.com\/fi\" target=\"_blank\">VTT<\/a><br>\u00bb  <a rel=\"noreferrer noopener\" href=\"https:\/\/www.team-finland.fi\/team-finland-organisaatiot\/business-finland\" target=\"_blank\">Business Finland &#8211; Team Finland<\/a><br>\u00bb  <a rel=\"noreferrer noopener\" href=\"https:\/\/www.businessfinland.fi\/\" target=\"_blank\">Business Finland<\/a><br>\u00bb  <a rel=\"noreferrer noopener\" href=\"https:\/\/findikaattori.fi\/fi\/80\" target=\"_blank\">Findikaattori &#8211; Tuonti ja vienti<\/a><br>\u00bb  <a href=\"https:\/\/fi.wikipedia.org\/wiki\/Metalliala\" target=\"_blank\" rel=\"noreferrer noopener\">Metalliala<\/a><\/p>\n\n\n\n<p><\/p>\n\n\n\n<div style=\"height:253px\" aria-hidden=\"true\" class=\"wp-block-spacer\"><\/div>\n\n\n\n<p><\/p>\n\n\n\n<p><\/p>\n\n\n\n<p><\/p>\n\n\n\n<p><\/p>\n","protected":false},"excerpt":{"rendered":"<p>Koulutus \u00bb Oppisopimus \u00bb SATAEDU koulutukset \u00bb Takk &#8211; Koneistajan t\u00e4ydennyskoulutus\u00bb Studentum.fi &#8211; Koneistajan koulutushaku\u00bb Turun AKK &#8211; Kone- ja tuotantotekniikan perustutkinto\u00bb Ty\u00f6llisyysrahasto &#8211; Aikuisopiskelijan etuudet\u00bb Koulutuskeskus Brahe &#8211; Metallialan koulutus\u00bb EKAMI &#8211; Kone- ja metallia &#8211; Suomen suurin teknologiateollisuuden ty\u00f6llist\u00e4j\u00e4\u00bb SASK &#8211; Suomen Ammattiliittojen Solidaarisuuskeskus &#8211; Hankkeet Asuminen \u00bb SATO &#8211; Vuokra-asunnot\u00bb Vuokraovi.com\u00bb P\u00f6yty\u00e4 [&hellip;]<\/p>\n","protected":false},"author":1,"featured_media":2987,"parent":0,"menu_order":0,"comment_status":"closed","ping_status":"closed","template":"","meta":{"ngg_post_thumbnail":0,"_themeisle_gutenberg_block_has_review":false,"footnotes":""},"class_list":["post-2986","page","type-page","status-publish","has-post-thumbnail","hentry"],"_links":{"self":[{"href":"https:\/\/team.aureagroup.fi\/index.php?rest_route=\/wp\/v2\/pages\/2986","targetHints":{"allow":["GET"]}}],"collection":[{"href":"https:\/\/team.aureagroup.fi\/index.php?rest_route=\/wp\/v2\/pages"}],"about":[{"href":"https:\/\/team.aureagroup.fi\/index.php?rest_route=\/wp\/v2\/types\/page"}],"author":[{"embeddable":true,"href":"https:\/\/team.aureagroup.fi\/index.php?rest_route=\/wp\/v2\/users\/1"}],"replies":[{"embeddable":true,"href":"https:\/\/team.aureagroup.fi\/index.php?rest_route=%2Fwp%2Fv2%2Fcomments&post=2986"}],"version-history":[{"count":20,"href":"https:\/\/team.aureagroup.fi\/index.php?rest_route=\/wp\/v2\/pages\/2986\/revisions"}],"predecessor-version":[{"id":3022,"href":"https:\/\/team.aureagroup.fi\/index.php?rest_route=\/wp\/v2\/pages\/2986\/revisions\/3022"}],"wp:featuredmedia":[{"embeddable":true,"href":"https:\/\/team.aureagroup.fi\/index.php?rest_route=\/wp\/v2\/media\/2987"}],"wp:attachment":[{"href":"https:\/\/team.aureagroup.fi\/index.php?rest_route=%2Fwp%2Fv2%2Fmedia&parent=2986"}],"curies":[{"name":"wp","href":"https:\/\/api.w.org\/{rel}","templated":true}]}}